{"id":2469,"date":"2011-11-22T18:57:40","date_gmt":"2011-11-22T16:57:40","guid":{"rendered":"http:\/\/dagmar2.mceith.com\/?page_id=2469"},"modified":"2014-11-27T08:50:20","modified_gmt":"2014-11-27T06:50:20","slug":"omaa-tuotantoa","status":"publish","type":"page","link":"https:\/\/stk-kairos.fi\/?page_id=2469","title":{"rendered":"Kynttil\u00e4njalat"},"content":{"rendered":"<p><a href=\"http:\/\/dagmar2.mceith.com\/wp-content\/uploads\/2010\/12\/171220101159.jpg\"><img loading=\"lazy\" decoding=\"async\" class=\"size-medium wp-image-933 \" title=\"171220101159\" src=\"http:\/\/dagmar2.mceith.com\/wp-content\/uploads\/2010\/12\/171220101159-300x237.jpg\" alt=\"\" width=\"300\" height=\"475\" \/><\/a><\/p>\n<p style=\"text-align: justify;\"><span style=\"color: #888888;\">Kaksikynttil\u00e4inen heppa taitaa fundeerata, ett\u00e4 kannattiko sit\u00e4 niin l\u00e4helt\u00e4 aurinkoa ratsastaa? <\/span><\/p>\n<p><a href=\"http:\/\/dagmar2.mceith.com\/wp-content\/uploads\/2010\/12\/171220101157.jpg\"><img loading=\"lazy\" decoding=\"async\" class=\"size-medium wp-image-928 \" title=\"171220101157\" src=\"http:\/\/dagmar2.mceith.com\/wp-content\/uploads\/2010\/12\/171220101157-300x133.jpg\" alt=\"\" width=\"300\" height=\"268\" \/><\/a><\/p>\n<p><span style=\"color: #808080;\">Nelikynttilik\u00f6n hevoset laukkaavat Suomeen Ruotsin Taalainmaalta. Kynttelikk\u00f6 on oiva adventtikynttel\u00f6ille ja kertoo joulun l\u00e4heisyydest\u00e4.<\/span><\/p>\n<div class=\"mceTemp\" style=\"text-align: left;\">\n<dl id=\"attachment_889\" class=\"wp-caption alignnone\" style=\"width: 410px;\">\n<dt class=\"wp-caption-dt\"><a href=\"http:\/\/dagmar2.mceith.com\/wp-content\/uploads\/2010\/12\/171220101155.jpg\"><img loading=\"lazy\" decoding=\"async\" class=\"size-medium wp-image-889  \" title=\"171220101155\" src=\"http:\/\/dagmar2.mceith.com\/wp-content\/uploads\/2010\/12\/171220101155-278x300.jpg\" alt=\"\" width=\"300\" height=\"648\" \/><\/a><\/dt>\n<\/dl>\n<\/div>\n<p style=\"text-align: justify;\"><span style=\"color: #888888;\">Viisikynttil\u00e4inen hevoskynttelikk\u00f6 kruunaa Joulup\u00f6yd\u00e4n.  valmistetaan koivusta, kukat ja hevoset saha- taan lehtisahalla. Kynttil\u00e4njalat sorvataan jokainen erikseen yksil\u00f6llisiksi, &#8220;riitt\u00e4v\u00e4n samann\u00e4k\u00f6isiksi&#8221;, ja niihin upotetaan metalliset suojukset. Hevoset ja kukkaset nakataan ja ne sovitetaan runkoon tehtyihin upotuksiin, joissa on puiset tapit. Kaikki liimataan PVA-liimalla ja n\u00e4in taataan, ett\u00e4 kynttilikk\u00f6 on turvallisen tukeva ja kest\u00e4\u00e4 sukupolvesta toiseen.  Sen j\u00e4lkeen kynttelikk\u00f6 pohjamaalataan, seuraavaana p\u00e4iv\u00e4n\u00e4 maalataan pohjav\u00e4rill\u00e4 ja kolmantenna koristemaalataan. Kaikki on k\u00e4sity\u00f6t\u00e4 alusta loppuun asti.<\/span><\/p>\n","protected":false},"excerpt":{"rendered":"<p>Kaksikynttil\u00e4inen heppa taitaa fundeerata, ett\u00e4 kannattiko sit\u00e4 niin l\u00e4helt\u00e4 aurinkoa ratsastaa? Nelikynttilik\u00f6n hevoset laukkaavat Suomeen Ruotsin Taalainmaalta. Kynttelikk\u00f6 on oiva adventtikynttel\u00f6ille ja kertoo joulun l\u00e4heisyydest\u00e4. Viisikynttil\u00e4inen hevoskynttelikk\u00f6 kruunaa Joulup\u00f6yd\u00e4n. valmistetaan koivusta, kukat ja hevoset saha- taan lehtisahalla. Kynttil\u00e4njalat sorvataan jokainen &hellip; <a href=\"https:\/\/stk-kairos.fi\/?page_id=2469\">Continue reading <span class=\"meta-nav\">&rarr;<\/span><\/a><\/p>\n","protected":false},"author":2,"featured_media":0,"parent":3565,"menu_order":0,"comment_status":"open","ping_status":"closed","template":"","meta":{"footnotes":""},"class_list":["post-2469","page","type-page","status-publish","hentry"],"_links":{"self":[{"href":"https:\/\/stk-kairos.fi\/index.php?rest_route=\/wp\/v2\/pages\/2469","targetHints":{"allow":["GET"]}}],"collection":[{"href":"https:\/\/stk-kairos.fi\/index.php?rest_route=\/wp\/v2\/pages"}],"about":[{"href":"https:\/\/stk-kairos.fi\/index.php?rest_route=\/wp\/v2\/types\/page"}],"author":[{"embeddable":true,"href":"https:\/\/stk-kairos.fi\/index.php?rest_route=\/wp\/v2\/users\/2"}],"replies":[{"embeddable":true,"href":"https:\/\/stk-kairos.fi\/index.php?rest_route=%2Fwp%2Fv2%2Fcomments&post=2469"}],"version-history":[{"count":13,"href":"https:\/\/stk-kairos.fi\/index.php?rest_route=\/wp\/v2\/pages\/2469\/revisions"}],"predecessor-version":[{"id":3986,"href":"https:\/\/stk-kairos.fi\/index.php?rest_route=\/wp\/v2\/pages\/2469\/revisions\/3986"}],"up":[{"embeddable":true,"href":"https:\/\/stk-kairos.fi\/index.php?rest_route=\/wp\/v2\/pages\/3565"}],"wp:attachment":[{"href":"https:\/\/stk-kairos.fi\/index.php?rest_route=%2Fwp%2Fv2%2Fmedia&parent=2469"}],"curies":[{"name":"wp","href":"https:\/\/api.w.org\/{rel}","templated":true}]}}