{"id":3583,"date":"2014-11-25T10:04:44","date_gmt":"2014-11-25T08:04:44","guid":{"rendered":"http:\/\/stk-kairos.fi\/?page_id=3583"},"modified":"2014-11-27T10:11:38","modified_gmt":"2014-11-27T08:11:38","slug":"kasitoita","status":"publish","type":"page","link":"https:\/\/stk-kairos.fi\/?page_id=3583","title":{"rendered":"K\u00e4sit\u00f6it\u00e4"},"content":{"rendered":"<div id=\"attachment_3829\" style=\"width: 310px\" class=\"wp-caption alignleft\"><a href=\"https:\/\/stk-kairos.fi\/wp-content\/uploads\/2014\/11\/IMG_2705-e1417026760435.jpg\"><img loading=\"lazy\" decoding=\"async\" aria-describedby=\"caption-attachment-3829\" src=\"https:\/\/stk-kairos.fi\/wp-content\/uploads\/2014\/11\/IMG_2705-e1417026760435-158x300.jpg\" alt=\"Iris tykk\u00e4\u00e4n tosi paljon PMMP:n &quot;Hamet\u00e4ti&quot;-laulusta. Niin mamma kutoi T\u00e4ti-Monikan.\" width=\"158\" height=\"300\" class=\"size-medium wp-image-3829\" srcset=\"https:\/\/stk-kairos.fi\/wp-content\/uploads\/2014\/11\/IMG_2705-e1417026760435-158x300.jpg 158w, https:\/\/stk-kairos.fi\/wp-content\/uploads\/2014\/11\/IMG_2705-e1417026760435-541x1024.jpg 541w\" sizes=\"auto, (max-width: 158px) 100vw, 158px\" \/><\/a><p id=\"caption-attachment-3829\" class=\"wp-caption-text\">Iris tykk\u00e4\u00e4n tosi paljon PMMP:n &#8220;Hamet\u00e4ti&#8221;-laulusta. Niinp\u00e4 mamma kutoi T\u00e4ti-Monikan.<\/p><\/div>\n<p>K\u00e4sity\u00f6ni eiv\u00e4t ole mit\u00e4\u00e4n ns. oikeaoppista, kouluoppien mukaista tekemist\u00e4. Vaan silt\u00e4 pohjalta, milt\u00e4 haluan sen n\u00e4ytt\u00e4v\u00e4n. Applikoidessa pistot eiv\u00e4t v\u00e4ltt\u00e4m\u00e4tt\u00e4 ole kovinkaan kauneita, vaan tarkoitukseen sopivia. Mit\u00e4h\u00e4n sit\u00e4 osaisikaan tehd\u00e4, jos olisi opin tekemiseen saannut.<\/p>\n<p>HIFK:n l\u00e4tk\u00e4matseja kuunnellessa on ihanaa kirjoa itse <a href=\"https:\/\/stk-kairos.fi\/?page_id=3196\" target=\"_blank\">suunniteltuja tyynyj\u00e4<\/a>. Samoin kaikenlainen muukin tekeminen on mukavaa, <a href=\"https:\/\/stk-kairos.fi\/?page_id=4020\" target=\"_blank\">kuten p\u00e4iv\u00e4peittojen<\/a>. Joskus vuonna 2005-06 innostuin tekem\u00e4\u00e4n kaikista j\u00e4mist\u00e4 <a href=\"https:\/\/stk-kairos.fi\/?page_id=653\" target=\"_blank\">isokokoisia nukkeja<\/a>.<\/p>\n","protected":false},"excerpt":{"rendered":"<p>K\u00e4sity\u00f6ni eiv\u00e4t ole mit\u00e4\u00e4n ns. oikeaoppista, kouluoppien mukaista tekemist\u00e4. Vaan silt\u00e4 pohjalta, milt\u00e4 haluan sen n\u00e4ytt\u00e4v\u00e4n. Applikoidessa pistot eiv\u00e4t v\u00e4ltt\u00e4m\u00e4tt\u00e4 ole kovinkaan kauneita, vaan tarkoitukseen sopivia. Mit\u00e4h\u00e4n sit\u00e4 osaisikaan tehd\u00e4, jos olisi opin tekemiseen saannut. HIFK:n l\u00e4tk\u00e4matseja kuunnellessa on ihanaa &hellip; <a href=\"https:\/\/stk-kairos.fi\/?page_id=3583\">Continue reading <span class=\"meta-nav\">&rarr;<\/span><\/a><\/p>\n","protected":false},"author":2,"featured_media":0,"parent":0,"menu_order":0,"comment_status":"closed","ping_status":"closed","template":"","meta":{"footnotes":""},"class_list":["post-3583","page","type-page","status-publish","hentry"],"_links":{"self":[{"href":"https:\/\/stk-kairos.fi\/index.php?rest_route=\/wp\/v2\/pages\/3583","targetHints":{"allow":["GET"]}}],"collection":[{"href":"https:\/\/stk-kairos.fi\/index.php?rest_route=\/wp\/v2\/pages"}],"about":[{"href":"https:\/\/stk-kairos.fi\/index.php?rest_route=\/wp\/v2\/types\/page"}],"author":[{"embeddable":true,"href":"https:\/\/stk-kairos.fi\/index.php?rest_route=\/wp\/v2\/users\/2"}],"replies":[{"embeddable":true,"href":"https:\/\/stk-kairos.fi\/index.php?rest_route=%2Fwp%2Fv2%2Fcomments&post=3583"}],"version-history":[{"count":13,"href":"https:\/\/stk-kairos.fi\/index.php?rest_route=\/wp\/v2\/pages\/3583\/revisions"}],"predecessor-version":[{"id":4027,"href":"https:\/\/stk-kairos.fi\/index.php?rest_route=\/wp\/v2\/pages\/3583\/revisions\/4027"}],"wp:attachment":[{"href":"https:\/\/stk-kairos.fi\/index.php?rest_route=%2Fwp%2Fv2%2Fmedia&parent=3583"}],"curies":[{"name":"wp","href":"https:\/\/api.w.org\/{rel}","templated":true}]}}