{"id":3654,"date":"2014-11-25T20:07:39","date_gmt":"2014-11-25T18:07:39","guid":{"rendered":"http:\/\/stk-kairos.fi\/?page_id=3654"},"modified":"2015-01-18T01:00:55","modified_gmt":"2015-01-17T23:00:55","slug":"kolmoishermosarky","status":"publish","type":"page","link":"https:\/\/stk-kairos.fi\/?page_id=3654","title":{"rendered":"Kolmoishermos\u00e4rky"},"content":{"rendered":"<p><strong>Sain sitten t\u00e4llaisen kaverin, josta en nyt niin olisi v\u00e4litt\u00e4nyt.<\/strong><\/p>\n<p>Kolmoishermos\u00e4rky eli trigeminusneuralgia on viidenteen aivohermoon eli kolmoishermoon (nervus trigeminus) liittyv\u00e4 neuropaattinen kipu. <a href=\"http:\/\/tnfinland.fi\/\" target=\"_blank\">T\u00e4\u00e4lt\u00e4 l\u00f6yd\u00e4t lis\u00e4\u00e4 tietoa.<\/a> <\/p>\n<p>Kolmoishermos\u00e4ryst\u00e4 voidaan erottaa kaksi muotoa, joiden oireet ovat usein samantapaiset: klassinen eli idiopaattinen sek\u00e4 symptomaattinen trigeminusneuralgia. Klassinen muoto johtuu tavallisesti kolmoishermoa painavasta valtimosta aivorungon alueella eik\u00e4 siihen liity muuta neurologista sairautta. Symptomaattisen muodon taustalla on usein MS-tauti tai kasvain. Kolmoishermos\u00e4rkyyn liittyy my\u00f6s muunlainen kasvojen alueen neuropaattinen kipu, joka voi olla seurausta kasvovammasta tai kasvojen alueelle tehdyst\u00e4 toimenpiteest\u00e4, joka on vaurioittanut jotakin kolmoishermon osaa.<\/p>\n<div id=\"attachment_3650\" style=\"width: 4166px\" class=\"wp-caption alignleft\"><a href=\"https:\/\/stk-kairos.fi\/wp-content\/uploads\/2014\/11\/IMG_2773.jpg\"><img loading=\"lazy\" decoding=\"async\" aria-describedby=\"caption-attachment-3650\" src=\"https:\/\/stk-kairos.fi\/wp-content\/uploads\/2014\/11\/IMG_2773.jpg\" alt=\"N\u00e4in sen koen (tuttavien kesken TRIGE).\" width=\"4156\" height=\"3022\" class=\"size-full wp-image-3650\" srcset=\"https:\/\/stk-kairos.fi\/wp-content\/uploads\/2014\/11\/IMG_2773.jpg 4156w, https:\/\/stk-kairos.fi\/wp-content\/uploads\/2014\/11\/IMG_2773-300x218.jpg 300w, https:\/\/stk-kairos.fi\/wp-content\/uploads\/2014\/11\/IMG_2773-1024x744.jpg 1024w\" sizes=\"auto, (max-width: 4156px) 100vw, 4156px\" \/><\/a><p id=\"caption-attachment-3650\" class=\"wp-caption-text\">N\u00e4in sen koen (tuttavien kesken TRIGE).<\/p><\/div>\n<div id=\"attachment_4235\" style=\"width: 233px\" class=\"wp-caption alignleft\"><a href=\"https:\/\/stk-kairos.fi\/wp-content\/uploads\/2014\/11\/IMG_2797.jpg\"><img loading=\"lazy\" decoding=\"async\" aria-describedby=\"caption-attachment-4235\" src=\"https:\/\/stk-kairos.fi\/wp-content\/uploads\/2014\/11\/IMG_2797-223x300.jpg\" alt=\"Kipu puristaa silm\u00e4n tuusan nuuskaksi.\" width=\"223\" height=\"300\" class=\"size-medium wp-image-4235\" srcset=\"https:\/\/stk-kairos.fi\/wp-content\/uploads\/2014\/11\/IMG_2797-223x300.jpg 223w, https:\/\/stk-kairos.fi\/wp-content\/uploads\/2014\/11\/IMG_2797-763x1024.jpg 763w\" sizes=\"auto, (max-width: 223px) 100vw, 223px\" \/><\/a><p id=\"caption-attachment-4235\" class=\"wp-caption-text\">Kipu puristaa silm\u00e4n tuusan nuuskaksi.<\/p><\/div>\n","protected":false},"excerpt":{"rendered":"<p>Sain sitten t\u00e4llaisen kaverin, josta en nyt niin olisi v\u00e4litt\u00e4nyt. Kolmoishermos\u00e4rky eli trigeminusneuralgia on viidenteen aivohermoon eli kolmoishermoon (nervus trigeminus) liittyv\u00e4 neuropaattinen kipu. T\u00e4\u00e4lt\u00e4 l\u00f6yd\u00e4t lis\u00e4\u00e4 tietoa. Kolmoishermos\u00e4ryst\u00e4 voidaan erottaa kaksi muotoa, joiden oireet ovat usein samantapaiset: klassinen eli idiopaattinen &hellip; <a href=\"https:\/\/stk-kairos.fi\/?page_id=3654\">Continue reading <span class=\"meta-nav\">&rarr;<\/span><\/a><\/p>\n","protected":false},"author":2,"featured_media":0,"parent":2478,"menu_order":0,"comment_status":"closed","ping_status":"closed","template":"","meta":{"footnotes":""},"class_list":["post-3654","page","type-page","status-publish","hentry"],"_links":{"self":[{"href":"https:\/\/stk-kairos.fi\/index.php?rest_route=\/wp\/v2\/pages\/3654","targetHints":{"allow":["GET"]}}],"collection":[{"href":"https:\/\/stk-kairos.fi\/index.php?rest_route=\/wp\/v2\/pages"}],"about":[{"href":"https:\/\/stk-kairos.fi\/index.php?rest_route=\/wp\/v2\/types\/page"}],"author":[{"embeddable":true,"href":"https:\/\/stk-kairos.fi\/index.php?rest_route=\/wp\/v2\/users\/2"}],"replies":[{"embeddable":true,"href":"https:\/\/stk-kairos.fi\/index.php?rest_route=%2Fwp%2Fv2%2Fcomments&post=3654"}],"version-history":[{"count":4,"href":"https:\/\/stk-kairos.fi\/index.php?rest_route=\/wp\/v2\/pages\/3654\/revisions"}],"predecessor-version":[{"id":4255,"href":"https:\/\/stk-kairos.fi\/index.php?rest_route=\/wp\/v2\/pages\/3654\/revisions\/4255"}],"up":[{"embeddable":true,"href":"https:\/\/stk-kairos.fi\/index.php?rest_route=\/wp\/v2\/pages\/2478"}],"wp:attachment":[{"href":"https:\/\/stk-kairos.fi\/index.php?rest_route=%2Fwp%2Fv2%2Fmedia&parent=3654"}],"curies":[{"name":"wp","href":"https:\/\/api.w.org\/{rel}","templated":true}]}}