{"id":3804,"date":"2014-11-26T19:59:53","date_gmt":"2014-11-26T17:59:53","guid":{"rendered":"http:\/\/stk-kairos.fi\/?page_id=3804"},"modified":"2024-03-30T09:53:23","modified_gmt":"2024-03-30T07:53:23","slug":"siamilaiset","status":"publish","type":"page","link":"https:\/\/stk-kairos.fi\/?page_id=3804","title":{"rendered":"Siamilaiset"},"content":{"rendered":"<p>Kolme ihanaa siamlaiskissaa asustaa t\u00e4\u00e4ll\u00e4. Ali, Baba ja Ellu. Ali on hyvin taiteellinen ja teimmekin yhdess\u00e4 taulun, jonka lahjoitimme <a href=\"http:\/\/willicon.wix.com\/willicon\" target=\"_blank\">simskujeni kasvattajalle<\/a>.<\/p>\n<h3>&#8211;<\/h3>\n<div id=\"attachment_3216\" style=\"width: 310px\" class=\"wp-caption alignleft\"><a href=\"https:\/\/stk-kairos.fi\/wp-content\/uploads\/2013\/06\/alintaulu.jpg\"><img loading=\"lazy\" decoding=\"async\" aria-describedby=\"caption-attachment-3216\" src=\"https:\/\/stk-kairos.fi\/wp-content\/uploads\/2013\/06\/alintaulu-300x188.jpg\" alt=\"by Ali &amp; Virve\" width=\"300\" height=\"188\" class=\"size-medium wp-image-3216\" srcset=\"https:\/\/stk-kairos.fi\/wp-content\/uploads\/2013\/06\/alintaulu-300x188.jpg 300w, https:\/\/stk-kairos.fi\/wp-content\/uploads\/2013\/06\/alintaulu-1024x643.jpg 1024w, https:\/\/stk-kairos.fi\/wp-content\/uploads\/2013\/06\/alintaulu.jpg 1398w\" sizes=\"auto, (max-width: 300px) 100vw, 300px\" \/><\/a><p id=\"caption-attachment-3216\" class=\"wp-caption-text\">by Ali &#038; Virve<\/p><\/div>\n<h3>&#8211;<\/h3>\n<div id=\"attachment_3805\" style=\"width: 310px\" class=\"wp-caption alignleft\"><a href=\"https:\/\/stk-kairos.fi\/wp-content\/uploads\/2014\/11\/ali-3.jpg\"><img loading=\"lazy\" decoding=\"async\" aria-describedby=\"caption-attachment-3805\" src=\"https:\/\/stk-kairos.fi\/wp-content\/uploads\/2014\/11\/ali-3-300x200.jpg\" alt=\"Ali, uros. Ruskeanaamio FI*Willicon Sir Seraphim\" width=\"300\" height=\"200\" class=\"size-medium wp-image-3805\" srcset=\"https:\/\/stk-kairos.fi\/wp-content\/uploads\/2014\/11\/ali-3-300x200.jpg 300w, https:\/\/stk-kairos.fi\/wp-content\/uploads\/2014\/11\/ali-3-1024x682.jpg 1024w, https:\/\/stk-kairos.fi\/wp-content\/uploads\/2014\/11\/ali-3.jpg 1488w\" sizes=\"auto, (max-width: 300px) 100vw, 300px\" \/><\/a><p id=\"caption-attachment-3805\" class=\"wp-caption-text\">Ali, uros.<br \/>Ruskeanaamio<br \/>FI*Willicon Sir Seraphim<\/p><\/div>\n<h3>&#8211;<\/h3>\n<div id=\"attachment_3806\" style=\"width: 310px\" class=\"wp-caption alignleft\"><a href=\"https:\/\/stk-kairos.fi\/wp-content\/uploads\/2014\/11\/ellu-4.jpg\"><img loading=\"lazy\" decoding=\"async\" aria-describedby=\"caption-attachment-3806\" src=\"https:\/\/stk-kairos.fi\/wp-content\/uploads\/2014\/11\/ellu-4-300x200.jpg\" alt=\"Ellu, Alin pentu, naaras kilpikonnatabbynaamio FI*Willicon Loves Laces \" width=\"300\" height=\"200\" class=\"size-medium wp-image-3806\" srcset=\"https:\/\/stk-kairos.fi\/wp-content\/uploads\/2014\/11\/ellu-4-300x200.jpg 300w, https:\/\/stk-kairos.fi\/wp-content\/uploads\/2014\/11\/ellu-4-1024x682.jpg 1024w, https:\/\/stk-kairos.fi\/wp-content\/uploads\/2014\/11\/ellu-4.jpg 1488w\" sizes=\"auto, (max-width: 300px) 100vw, 300px\" \/><\/a><p id=\"caption-attachment-3806\" class=\"wp-caption-text\">Ellu, Alin pentu, naaras<br \/>kilpikonnatabbynaamio<br \/>FI*Willicon Loves Laces<br \/><\/p><\/div>\n<h3>&#8211;<\/h3>\n<div id=\"attachment_3807\" style=\"width: 226px\" class=\"wp-caption alignleft\"><a href=\"https:\/\/stk-kairos.fi\/wp-content\/uploads\/2014\/11\/baba-1.jpg\"><img loading=\"lazy\" decoding=\"async\" aria-describedby=\"caption-attachment-3807\" src=\"https:\/\/stk-kairos.fi\/wp-content\/uploads\/2014\/11\/baba-1-216x300.jpg\" alt=\"Baba, Ellun t\u00e4ti, naaras Sininaamio FI*Willicon Lady Lahore\" width=\"216\" height=\"300\" class=\"size-medium wp-image-3807\" srcset=\"https:\/\/stk-kairos.fi\/wp-content\/uploads\/2014\/11\/baba-1-216x300.jpg 216w, https:\/\/stk-kairos.fi\/wp-content\/uploads\/2014\/11\/baba-1-738x1024.jpg 738w, https:\/\/stk-kairos.fi\/wp-content\/uploads\/2014\/11\/baba-1.jpg 992w\" sizes=\"auto, (max-width: 216px) 100vw, 216px\" \/><\/a><p id=\"caption-attachment-3807\" class=\"wp-caption-text\">Baba, Ellun t\u00e4ti, naaras<br \/>Sininaamio<br \/>FI*Willicon Lady Lahore<\/p><\/div>\n<p><a href=\"https:\/\/stk-kairos.fi\/wp-admin\/edit.php?post_type=pagehttps:\/\/stk-kairos.fi\/wp-admin\/edit.php?post_type=page\">-loppu-<\/a><\/p>\n","protected":false},"excerpt":{"rendered":"<p>Kolme ihanaa siamlaiskissaa asustaa t\u00e4\u00e4ll\u00e4. Ali, Baba ja Ellu. Ali on hyvin taiteellinen ja teimmekin yhdess\u00e4 taulun, jonka lahjoitimme simskujeni kasvattajalle. &#8211; &#8211; &#8211; &#8211; -loppu-<\/p>\n","protected":false},"author":2,"featured_media":0,"parent":0,"menu_order":0,"comment_status":"closed","ping_status":"closed","template":"","meta":{"footnotes":""},"class_list":["post-3804","page","type-page","status-publish","hentry"],"_links":{"self":[{"href":"https:\/\/stk-kairos.fi\/index.php?rest_route=\/wp\/v2\/pages\/3804","targetHints":{"allow":["GET"]}}],"collection":[{"href":"https:\/\/stk-kairos.fi\/index.php?rest_route=\/wp\/v2\/pages"}],"about":[{"href":"https:\/\/stk-kairos.fi\/index.php?rest_route=\/wp\/v2\/types\/page"}],"author":[{"embeddable":true,"href":"https:\/\/stk-kairos.fi\/index.php?rest_route=\/wp\/v2\/users\/2"}],"replies":[{"embeddable":true,"href":"https:\/\/stk-kairos.fi\/index.php?rest_route=%2Fwp%2Fv2%2Fcomments&post=3804"}],"version-history":[{"count":6,"href":"https:\/\/stk-kairos.fi\/index.php?rest_route=\/wp\/v2\/pages\/3804\/revisions"}],"predecessor-version":[{"id":4618,"href":"https:\/\/stk-kairos.fi\/index.php?rest_route=\/wp\/v2\/pages\/3804\/revisions\/4618"}],"wp:attachment":[{"href":"https:\/\/stk-kairos.fi\/index.php?rest_route=%2Fwp%2Fv2%2Fmedia&parent=3804"}],"curies":[{"name":"wp","href":"https:\/\/api.w.org\/{rel}","templated":true}]}}