{"id":4020,"date":"2014-11-27T10:06:18","date_gmt":"2014-11-27T08:06:18","guid":{"rendered":"http:\/\/stk-kairos.fi\/?page_id=4020"},"modified":"2014-11-27T10:19:50","modified_gmt":"2014-11-27T08:19:50","slug":"paivapeitteita","status":"publish","type":"page","link":"https:\/\/stk-kairos.fi\/?page_id=4020","title":{"rendered":"P\u00e4iv\u00e4peitteit\u00e4"},"content":{"rendered":"<div id=\"attachment_3099\" style=\"width: 310px\" class=\"wp-caption alignleft\"><a href=\"https:\/\/stk-kairos.fi\/wp-content\/uploads\/2013\/01\/DSC_0011.jpg\"><img loading=\"lazy\" decoding=\"async\" aria-describedby=\"caption-attachment-3099\" src=\"https:\/\/stk-kairos.fi\/wp-content\/uploads\/2013\/01\/DSC_0011-300x125.jpg\" alt=\"Peiton tausta flanellista.\" width=\"300\" height=\"125\" class=\"size-medium wp-image-3099\" srcset=\"https:\/\/stk-kairos.fi\/wp-content\/uploads\/2013\/01\/DSC_0011-300x125.jpg 300w, https:\/\/stk-kairos.fi\/wp-content\/uploads\/2013\/01\/DSC_0011-1024x426.jpg 1024w\" sizes=\"auto, (max-width: 300px) 100vw, 300px\" \/><\/a><p id=\"caption-attachment-3099\" class=\"wp-caption-text\">Peiton tausta flanellista.<\/p><\/div>\n<div id=\"attachment_3098\" style=\"width: 310px\" class=\"wp-caption alignleft\"><a href=\"https:\/\/stk-kairos.fi\/wp-content\/uploads\/2013\/01\/DSC_0015.jpg\"><img loading=\"lazy\" decoding=\"async\" aria-describedby=\"caption-attachment-3098\" src=\"https:\/\/stk-kairos.fi\/wp-content\/uploads\/2013\/01\/DSC_0015-300x98.jpg\" alt=\"Tietenkin tarvitaan samanlainen tyyny.\" width=\"300\" height=\"98\" class=\"size-medium wp-image-3098\" srcset=\"https:\/\/stk-kairos.fi\/wp-content\/uploads\/2013\/01\/DSC_0015-300x98.jpg 300w, https:\/\/stk-kairos.fi\/wp-content\/uploads\/2013\/01\/DSC_0015-1024x335.jpg 1024w\" sizes=\"auto, (max-width: 300px) 100vw, 300px\" \/><\/a><p id=\"caption-attachment-3098\" class=\"wp-caption-text\">Tietenkin tarvitaan samanlainen tyyny.<\/p><\/div>\n<div id=\"attachment_3096\" style=\"width: 310px\" class=\"wp-caption alignleft\"><a href=\"https:\/\/stk-kairos.fi\/wp-content\/uploads\/2013\/01\/DSC_0009.jpg\"><img loading=\"lazy\" decoding=\"async\" aria-describedby=\"caption-attachment-3096\" src=\"https:\/\/stk-kairos.fi\/wp-content\/uploads\/2013\/01\/DSC_0009-300x232.jpg\" alt=\"Puuvillalangasta kudottu peite.\" width=\"300\" height=\"232\" class=\"size-medium wp-image-3096\" srcset=\"https:\/\/stk-kairos.fi\/wp-content\/uploads\/2013\/01\/DSC_0009-300x232.jpg 300w, https:\/\/stk-kairos.fi\/wp-content\/uploads\/2013\/01\/DSC_0009-1024x793.jpg 1024w\" sizes=\"auto, (max-width: 300px) 100vw, 300px\" \/><\/a><p id=\"caption-attachment-3096\" class=\"wp-caption-text\">Puuvillalangasta kudottu peite.<\/p><\/div>\n<div id=\"attachment_2243\" style=\"width: 218px\" class=\"wp-caption alignleft\"><a href=\"https:\/\/stk-kairos.fi\/wp-content\/uploads\/2011\/11\/ruutu-0.jpg\"><img loading=\"lazy\" decoding=\"async\" aria-describedby=\"caption-attachment-2243\" src=\"https:\/\/stk-kairos.fi\/wp-content\/uploads\/2011\/11\/ruutu-0-208x300.jpg\" alt=\"T\u00e4m\u00e4 on kasattu 18:sta isosta, k\u00e4sin applikoiduista tilkuista.\" width=\"208\" height=\"300\" class=\"size-medium wp-image-2243\" srcset=\"https:\/\/stk-kairos.fi\/wp-content\/uploads\/2011\/11\/ruutu-0-208x300.jpg 208w, https:\/\/stk-kairos.fi\/wp-content\/uploads\/2011\/11\/ruutu-0-711x1024.jpg 711w, https:\/\/stk-kairos.fi\/wp-content\/uploads\/2011\/11\/ruutu-0.jpg 985w\" sizes=\"auto, (max-width: 208px) 100vw, 208px\" \/><\/a><p id=\"caption-attachment-2243\" class=\"wp-caption-text\">T\u00e4m\u00e4 on kasattu 18:sta isosta, k\u00e4sin applikoiduista tilkuista.<\/p><\/div>\n<div id=\"attachment_2201\" style=\"width: 310px\" class=\"wp-caption alignleft\"><a href=\"https:\/\/stk-kairos.fi\/wp-content\/uploads\/2011\/10\/torkkupeite.jpg\"><img loading=\"lazy\" decoding=\"async\" aria-describedby=\"caption-attachment-2201\" src=\"https:\/\/stk-kairos.fi\/wp-content\/uploads\/2011\/10\/torkkupeite-300x144.jpg\" alt=\"Lahja yst\u00e4v\u00e4lle.\" width=\"300\" height=\"144\" class=\"size-medium wp-image-2201\" srcset=\"https:\/\/stk-kairos.fi\/wp-content\/uploads\/2011\/10\/torkkupeite-300x144.jpg 300w, https:\/\/stk-kairos.fi\/wp-content\/uploads\/2011\/10\/torkkupeite-1024x494.jpg 1024w\" sizes=\"auto, (max-width: 300px) 100vw, 300px\" \/><\/a><p id=\"caption-attachment-2201\" class=\"wp-caption-text\">Lahja yst\u00e4v\u00e4lle (suurikokoinen).<\/p><\/div>\n","protected":false},"excerpt":{"rendered":"","protected":false},"author":2,"featured_media":0,"parent":3583,"menu_order":0,"comment_status":"closed","ping_status":"closed","template":"","meta":{"footnotes":""},"class_list":["post-4020","page","type-page","status-publish","hentry"],"_links":{"self":[{"href":"https:\/\/stk-kairos.fi\/index.php?rest_route=\/wp\/v2\/pages\/4020","targetHints":{"allow":["GET"]}}],"collection":[{"href":"https:\/\/stk-kairos.fi\/index.php?rest_route=\/wp\/v2\/pages"}],"about":[{"href":"https:\/\/stk-kairos.fi\/index.php?rest_route=\/wp\/v2\/types\/page"}],"author":[{"embeddable":true,"href":"https:\/\/stk-kairos.fi\/index.php?rest_route=\/wp\/v2\/users\/2"}],"replies":[{"embeddable":true,"href":"https:\/\/stk-kairos.fi\/index.php?rest_route=%2Fwp%2Fv2%2Fcomments&post=4020"}],"version-history":[{"count":3,"href":"https:\/\/stk-kairos.fi\/index.php?rest_route=\/wp\/v2\/pages\/4020\/revisions"}],"predecessor-version":[{"id":4024,"href":"https:\/\/stk-kairos.fi\/index.php?rest_route=\/wp\/v2\/pages\/4020\/revisions\/4024"}],"up":[{"embeddable":true,"href":"https:\/\/stk-kairos.fi\/index.php?rest_route=\/wp\/v2\/pages\/3583"}],"wp:attachment":[{"href":"https:\/\/stk-kairos.fi\/index.php?rest_route=%2Fwp%2Fv2%2Fmedia&parent=4020"}],"curies":[{"name":"wp","href":"https:\/\/api.w.org\/{rel}","templated":true}]}}