{"id":4329,"date":"2015-08-23T20:58:39","date_gmt":"2015-08-23T18:58:39","guid":{"rendered":"http:\/\/stk-kairos.fi\/?page_id=4329"},"modified":"2015-08-23T21:00:26","modified_gmt":"2015-08-23T19:00:26","slug":"cv","status":"publish","type":"page","link":"https:\/\/stk-kairos.fi\/?page_id=4329","title":{"rendered":"CV"},"content":{"rendered":"<p><strong>Kuvataideopinnot vuonna 2012:<br \/>\n<\/strong><a href=\"http:\/\/repininstituutti.nettisivu.org\/\">http:\/\/repininstituutti.nettisivu.org\/<\/a><\/p>\n<p>8\/08 &#8211; 5\/11        <strong>Ilmajoen k\u00e4si- ja taideteollisuusoppilaitos<br \/>\n<\/strong><em>Esinesuunnittelun ja -valmistuksen opetuslinja, entist\u00e4j\u00e4, artesaani<\/em><\/p>\n<p><strong><\/p>\n<h2>Ty\u00f6kokemus<\/h2>\n<p><\/strong><\/p>\n<p>3\/96 \u2013 5\/08        <strong>Nokia OYJ <\/strong>((alkaen 13.03.1996) \/ <strong>Nokia Siemens Networks <\/strong>(alkaen 01.04.2007)<\/p>\n<p><em>Technical Writer, Technical Illustrator, Documentation Coordinator, <\/em><em>Support Engineer, Engineer Environmental Compliance, Engineer I&amp;V<\/em><\/p>\n<p>Olen ty\u00f6skennellyt Nokia Networks HWD &#8211; osastolla edell\u00e4 mainituissa teht\u00e4viss\u00e4 mm. kuvittaen kes\u00adkuksien k\u00e4ytt\u00f6ohjeet ja uudistaen olemassa olleet kuvat parempi laatuisiksi tehden ne uudelleen. N\u00e4ist\u00e4 tuli my\u00f6hemmin niin sanotut speksikuvat alihankkijoille. Vaihdoin kaikkien HWD \u2013 asiakasdokument\u00adtien formaatit Wordist\u00e4 SGML\u00e4n vaatimiin alkioihin luoden nime\u00e4misk\u00e4yt\u00e4nn\u00f6n (luokitusten merkin\u00adn\u00e4t yms.). Valvoin dokumenttien valmistukset aikataulujen puitteissa sek\u00e4 editoin ne painatuskuntoon sek\u00e4 arkistoihin.<\/p>\n<p>Uudistin kaikki merkint\u00e4liuskat ym. keskuksiin tulevat tarrat sek\u00e4 kilvet luoden rahaa ja resursseja s\u00e4\u00e4s\u00ad\u00adt\u00e4v\u00e4n j\u00e4rjestelm\u00e4n tuotantoa varten. Tein kaikki tarvittavat originaalit ja painatusmateriaalit yhteisty\u00f6s\u00ads\u00e4 painotalojen kanssa. Hoidin protolaitteisiin tarvittavien (edell\u00e4 mainittujen) tuotteiden tilaukset.<\/p>\n<p>Tein erilaisia ty\u00f6kaluja, mm. Testausstatuksen hallintaty\u00f6kalun kehitt\u00e4minen Exelin p\u00e4\u00e4lle sek\u00e4 opastin erilaisten ohjelmien k\u00e4yt\u00f6ss\u00e4 HWD:een henkil\u00f6kuntaa (power user).<\/p>\n<p>Tein WEEE &#8211; direktiivin vaatimat kierr\u00e4tysdokumentit, Material Declarationit alusta loppuun k\u00e4ytt\u00e4en elektroniikan osalta materiaali \u2013 tietokantaa. RoHS \u2013 direktiivin toteutuksessa teht\u00e4v\u00e4ni oli laajan kom\u00adponenttitietokannan menetelm\u00e4kehitys, tiedonk\u00e4sittely, ja materiaaliraportin laatiminen sek\u00e4 suunnitte\u00adlu-tietokannan p\u00e4ivitysten koordinointi.<\/p>\n<p>I&amp;V Engineer teht\u00e4v\u00e4nimikkeell\u00e4 p\u00e4\u00e4teht\u00e4v\u00e4n\u00e4 olivat j\u00e4rjestelm\u00e4testauksen suunnittelu, suorittaminen sek\u00e4 raportointi ATCA \u2013 tuotekehitysprogrammeissa. Kehitin ja k\u00e4ytin testausautomaatiota sek\u00e4 osallistuin testausymp\u00e4rist\u00f6n konfigurointiin. Toimintaymp\u00e4rist\u00f6n\u00e4 oli p\u00e4\u00e4asiassa Linux ja TCP\/IP teknologia.<\/p>\n<p>N\u00e4iss\u00e4 teht\u00e4viss\u00e4 olen k\u00e4ytt\u00e4nyt runsaasti erilaisia ohjelmia, tehnyt niist\u00e4 ohjeita sis\u00e4iseen k\u00e4ytt\u00f6\u00f6n sek\u00e4 opastanut k\u00e4yt\u00f6ss\u00e4. N\u00e4it\u00e4 ovat mm. Microsoft \u2013 Office tuoteperhe, Corel- ja Designer piirrosohjelmat, PhotoShop kuvank\u00e4sittely, Page Maker taitto, ACAD, PDM \u2013 sovellukset, Lotus Notesilla tein omia tie\u00adtokantoja jne.<\/p>\n<p>9\/85 \u2013 10\/95      <strong>Orion-Yhtym\u00e4 Oy, Soredes-Finndent <\/strong><br \/>\n<em>Tekninen toimittaja<\/em><\/p>\n<p>Toimeeni kuului yrityksen valmistamien laitteiden k\u00e4sikirjojen ja huolto- sek\u00e4 muiden ohjeiden<\/p>\n<ul>\n<li>taiton suunnittelu<\/li>\n<li>materiaalin ker\u00e4\u00e4minen (tekstit, kuvat)<\/li>\n<li>taiton toteutus Ventura \u2013 julkaisuohjelmalla<\/li>\n<li>tarvittavien kuvien, kaavioiden, taulukoiden jne. tuottaminen<\/li>\n<li>materiaalin huolehtiminen erilaisia painomenetelmi\u00e4 k\u00e4ytt\u00e4en<\/li>\n<li>k\u00e4sikirjojen, huolto- ja muiden ohjeiden yll\u00e4pito sek\u00e4 ajan tasalla pit\u00e4minen<\/li>\n<\/ul>\n<p>Lis\u00e4ksi hoidin laadunvalvonnan tarvitsemien ohjeiden toteutuksen, arkistoinnin, jakelun ja yll\u00e4\u00adpidon. Toimeeni kuului tilata Saksasta ja USAsta tarvittavat kirjalliset, yms. materiaalit. Kuvien teko k\u00e4sitteli kaiken kytkent\u00e4kaavioista lumpeenkukkiin, tuotekehityksen tarvitsemista kuvista markkinoinnin tarpei\u00adsiin. Lis\u00e4ksi tuotin markkinoinnin tarvitsemia pienimuotoisia mainoksia.<\/p>\n<p>Vuosina 1985 \u2013 87 ty\u00f6skentelin tuotekehitysosastolla piirt\u00e4j\u00e4n\u00e4 (elektroniikka) ja dokumentoijana. Yri\u00adtyksen juhlien somistuksen suunnittelu ja toteutus oli teht\u00e4v\u00e4ni vuosina 1985 \u2013 93.<\/p>\n<p>85 \u2013 9\/85        <strong>Masino Oy<\/strong><br \/>\n<em>Piirt\u00e4j\u00e4<\/em><\/p>\n<p>Teht\u00e4v\u00e4ni oli yrityksen tarvitsemien kuvien tuottaminen, k\u00e4sikirjoista huolehtiminen ja ty\u00f6ryhm\u00e4n sihteerin\u00e4 toi\u00admiminen.<\/p>\n<p>8\/78 \u2013 4\/85       <strong>Alnor Oy<\/strong> (entinen Wallac)<br \/>\n<em>Piirt\u00e4j\u00e4-sihteeri<\/em><\/p>\n<p>Piirt\u00e4miseen kuului kaikki tuotannon tarvitsemien dokumenttien tuottaminen sek\u00e4 markkinoinnin tarvit\u00adsemat kuvat ja pienempi muotoiset mainokset. Sihteerin teht\u00e4viin kuului kokouskutsut, -muistiot, tuote\u00adneuvoston kokouksien materiaalien ker\u00e4\u00e4minen ja kokousvalmistelut sek\u00e4 laadunvalvonnan raporttien toteutus. Yrityksen sek\u00e4 vapaa-ajan ett\u00e4 virallisten juhlien somistukset ja toteutukset ruokineen ja juo\u00admi\u00adneen olivat osa ty\u00f6t\u00e4ni. K\u00e4ytin ty\u00f6ss\u00e4ni tietokonetta (Bourrougs) sek\u00e4 reprokameraa.<\/p>\n<p>2\/78 \u2013 8\/78       <strong>Oy Elteos\u00e4hk\u00f6 Ab<\/strong><br \/>\n<em>konttoristi<\/em><\/p>\n<p>Toimeeni kuului koti- ja ulkomaisen telex-liikenteen hoitaminen sek\u00e4 kytkent\u00e4kaavioiden puhtaaksi piir\u00adt\u00e4minen. Avustin my\u00f6s tullaus- ja huolintapapereiden laadinnassa sek\u00e4 laskutuksessa.<\/p>\n<p>5\/76 \u2013 9\/77       <strong>Wallac Oy<\/strong><br \/>\n<em>Tuotannon toimihenkil\u00f6<\/em><\/p>\n<p>Hoidin ty\u00f6tilausnumeroinnin seurantaa ja materiaalivalvontaa. Osa-ajalla my\u00f6skin puhelinkeskusta ja juh\u00adlien koristelun.<\/p>\n<p><strong>MUUTA TY\u00d6OKEMUKSEEN LIITTYV\u00c4\u00c4<\/strong><\/p>\n<p>Olen ty\u00f6n ohessa tehnyt vuosinen 1989 \u2013 90 Suomen Kaukalopalloliitolle julkaisuohjelmalla (Ventura) liiton tarvitsemia kaavakkeita ja ohjeita.<\/p>\n<p>Bewesportille olen tehnyt turnauskirjasia ja mainoksia sek\u00e4 muuta tarvittavaa painomateriaalia.<\/p>\n<p>Vuosien 1981 \u2013 1985 aikana taitoin ja kuvitin Teknisten Liiton Varsinais-Suomen piirin piiritiedotetta VASUa.<\/p>\n<p>Olen my\u00f6s suunnitellut ulkoasun, editoinnut kuvat ja taittanut  muutaman  kirjan ja hoitanut niiden painatuksen.<\/p>\n","protected":false},"excerpt":{"rendered":"<p>Kuvataideopinnot vuonna 2012: http:\/\/repininstituutti.nettisivu.org\/ 8\/08 &#8211; 5\/11 Ilmajoen k\u00e4si- ja taideteollisuusoppilaitos Esinesuunnittelun ja -valmistuksen opetuslinja, entist\u00e4j\u00e4, artesaani Ty\u00f6kokemus 3\/96 \u2013 5\/08 Nokia OYJ ((alkaen 13.03.1996) \/ Nokia Siemens Networks (alkaen 01.04.2007) Technical Writer, Technical Illustrator, Documentation Coordinator, Support Engineer, Engineer &hellip; <a href=\"https:\/\/stk-kairos.fi\/?page_id=4329\">Continue reading <span class=\"meta-nav\">&rarr;<\/span><\/a><\/p>\n","protected":false},"author":2,"featured_media":0,"parent":2478,"menu_order":0,"comment_status":"closed","ping_status":"closed","template":"","meta":{"footnotes":""},"class_list":["post-4329","page","type-page","status-publish","hentry"],"_links":{"self":[{"href":"https:\/\/stk-kairos.fi\/index.php?rest_route=\/wp\/v2\/pages\/4329","targetHints":{"allow":["GET"]}}],"collection":[{"href":"https:\/\/stk-kairos.fi\/index.php?rest_route=\/wp\/v2\/pages"}],"about":[{"href":"https:\/\/stk-kairos.fi\/index.php?rest_route=\/wp\/v2\/types\/page"}],"author":[{"embeddable":true,"href":"https:\/\/stk-kairos.fi\/index.php?rest_route=\/wp\/v2\/users\/2"}],"replies":[{"embeddable":true,"href":"https:\/\/stk-kairos.fi\/index.php?rest_route=%2Fwp%2Fv2%2Fcomments&post=4329"}],"version-history":[{"count":4,"href":"https:\/\/stk-kairos.fi\/index.php?rest_route=\/wp\/v2\/pages\/4329\/revisions"}],"predecessor-version":[{"id":4331,"href":"https:\/\/stk-kairos.fi\/index.php?rest_route=\/wp\/v2\/pages\/4329\/revisions\/4331"}],"up":[{"embeddable":true,"href":"https:\/\/stk-kairos.fi\/index.php?rest_route=\/wp\/v2\/pages\/2478"}],"wp:attachment":[{"href":"https:\/\/stk-kairos.fi\/index.php?rest_route=%2Fwp%2Fv2%2Fmedia&parent=4329"}],"curies":[{"name":"wp","href":"https:\/\/api.w.org\/{rel}","templated":true}]}}